{"id":439,"date":"2017-11-13T01:48:25","date_gmt":"2017-11-13T01:48:25","guid":{"rendered":"https:\/\/chileenunacaja.cl\/?post_type=product&#038;p=439"},"modified":"2018-11-28T01:20:24","modified_gmt":"2018-11-28T01:20:24","slug":"collar-trapelacucha","status":"publish","type":"product","link":"https:\/\/chileenunacaja.cl\/inicio\/producto\/collar-trapelacucha\/","title":{"rendered":"Collar Trapelacucha *EXTMUJ010"},"content":{"rendered":"<div class=\"nomprod\"><strong>Collar Trapelacucha<\/strong><\/div>\n<div class=\"nomprod\"><strong>COD:*EXTMUJ010<\/strong><\/div>\n<div class=\"descripcion\">\n<p>Collar de Joya mapuche utilizada como adorno pectoral por las mujeres, realizada en plata por artesano de la regi\u00f3n de la Araucan\u00eda.<\/p>\n<p>Presentado en caja de madera raul\u00ed con logo de la empresa.<\/p>\n<\/div>\n<p><img loading=\"lazy\" decoding=\"async\" class=\"alignnone size-thumbnail wp-image-443\" src=\"https:\/\/chileenunacaja.cl\/wp-content\/uploads\/2017\/11\/caja-rauli-150x150.jpg\" alt=\"\" width=\"150\" height=\"150\" srcset=\"https:\/\/chileenunacaja.cl\/wp-content\/uploads\/2017\/11\/caja-rauli-150x150.jpg 150w, https:\/\/chileenunacaja.cl\/wp-content\/uploads\/2017\/11\/caja-rauli-400x400.jpg 400w, https:\/\/chileenunacaja.cl\/wp-content\/uploads\/2017\/11\/caja-rauli-100x100.jpg 100w, https:\/\/chileenunacaja.cl\/wp-content\/uploads\/2017\/11\/caja-rauli-300x300.jpg 300w, https:\/\/chileenunacaja.cl\/wp-content\/uploads\/2017\/11\/caja-rauli.jpg 500w\" sizes=\"auto, (max-width: 150px) 100vw, 150px\" \/><\/p>\n","protected":false},"excerpt":{"rendered":"<div class=\"nomprod\"><strong>COD:*EXTMUJ010<\/strong><\/div>\n<div class=\"descripcion\">\n<p>Collar de Joya mapuche utilizada como adorno pectoral por las mujeres, realizada en plata por artesano de la regi\u00f3n de la Araucan\u00eda, Presentado en caja de madera raul\u00ed con logo de la empresa.<\/p>\n<h6><strong>Precios en base a 1 unidad.<\/strong> Descuentos por 10, 30, 50, 100 unidades. Precios no incluyen IVA.\u00a0<em><a href=\"https:\/\/chileenunacaja.cl\/tabla-de-descuentos\/\"><strong>Ver<\/strong> <strong>tabla de descuentos.\u00a0<\/strong><\/a><\/em><\/h6>\n<\/div>\n","protected":false},"featured_media":1123,"template":"","meta":{"_et_pb_use_builder":"","_et_pb_old_content":""},"class_list":["post-439","product","type-product","status-publish","has-post-thumbnail","hentry","product_cat-mujer","product_cat-mujer-extranjero","product_cat-mujer-extranjero-log","product_cat-mujer-log"],"_links":{"self":[{"href":"https:\/\/chileenunacaja.cl\/inicio\/wp-json\/wp\/v2\/product\/439","targetHints":{"allow":["GET"]}}],"collection":[{"href":"https:\/\/chileenunacaja.cl\/inicio\/wp-json\/wp\/v2\/product"}],"about":[{"href":"https:\/\/chileenunacaja.cl\/inicio\/wp-json\/wp\/v2\/types\/product"}],"wp:featuredmedia":[{"embeddable":true,"href":"https:\/\/chileenunacaja.cl\/inicio\/wp-json\/wp\/v2\/media\/1123"}],"wp:attachment":[{"href":"https:\/\/chileenunacaja.cl\/inicio\/wp-json\/wp\/v2\/media?parent=439"}],"curies":[{"name":"wp","href":"https:\/\/api.w.org\/{rel}","templated":true}]}}