{"id":4601,"date":"2020-08-18T14:24:26","date_gmt":"2020-08-18T14:24:26","guid":{"rendered":"https:\/\/chileenunacaja.cl\/?post_type=product&#038;p=4601"},"modified":"2024-01-04T20:39:35","modified_gmt":"2024-01-04T20:39:35","slug":"aperitivo-con-cuchara-y-pocillo-de-madera-en-caja-delivery-ii-corgou227","status":"publish","type":"product","link":"https:\/\/chileenunacaja.cl\/inicio\/producto\/aperitivo-con-cuchara-y-pocillo-de-madera-en-caja-delivery-ii-corgou227\/","title":{"rendered":"Aperitivo con cuchara y pocillo de madera en caja delivery II *CORGOU227"},"content":{"rendered":"<div class=\"page\" title=\"Page 85\">\n<div class=\"section\">\n<div class=\"layoutArea\">\n<div class=\"column\">\n<div class=\"page\" title=\"Page 86\">\n<div class=\"layoutArea\">\n<div class=\"column\">\n<div class=\"page\" title=\"Page 88\">\n<div class=\"layoutArea\">\n<div class=\"column\">\n<p>Atractiva combinaci\u00f3n de productos ideales para el aperitivo, consta de\u00a0 galletas Tika para coktail de 140 gr, puede elegir entre raspberi, c\u00farcuma o chia. Bruscheta de alcachofa de 280 gr, y acompa\u00f1amiento salado Toty de 150 grs. Puede ser: mermeladas aj\u00ed verde , rojo o piment\u00f3n, tomates secos en aceite , berenjenas, pulpa de aceitunas\u00a0o hummus.<\/p>\n<p>Incluye logo laser en el pocillo. Presentaci\u00f3n en caja cart\u00f3n caf\u00e9. Incluye tarjeta de Saludo<\/p>\n<\/div>\n<\/div>\n<\/div>\n<\/div>\n<\/div>\n<\/div>\n<\/div>\n<\/div>\n<\/div>\n<\/div>\n","protected":false},"excerpt":{"rendered":"<div class=\"nomprod\">Pocillo y cuchara madera con acompa\u00f1amiento.<\/div>\n<div class=\"descripcion\">\n<p>&nbsp;<\/p>\n<h6><strong>Precios en base a 30 unidades.<\/strong> Descuentos por 50, 100, 300 y 500 unidades. Precios no incluyen IVA.\u00a0<em><a href=\"https:\/\/chileenunacaja.cl\/tabla-de-descuentos\/\"><strong>Ver<\/strong> <strong>tabla de descuentos.\u00a0<\/strong><\/a><\/em><\/h6>\n<\/div>\n","protected":false},"featured_media":5999,"template":"","meta":{"_et_pb_use_builder":"","_et_pb_old_content":""},"class_list":["post-4601","product","type-product","status-publish","has-post-thumbnail","hentry","product_cat-cumpleanos","product_cat-cumpleanos-log","product_cat-gourmet","product_cat-madera"],"_links":{"self":[{"href":"https:\/\/chileenunacaja.cl\/inicio\/wp-json\/wp\/v2\/product\/4601","targetHints":{"allow":["GET"]}}],"collection":[{"href":"https:\/\/chileenunacaja.cl\/inicio\/wp-json\/wp\/v2\/product"}],"about":[{"href":"https:\/\/chileenunacaja.cl\/inicio\/wp-json\/wp\/v2\/types\/product"}],"wp:featuredmedia":[{"embeddable":true,"href":"https:\/\/chileenunacaja.cl\/inicio\/wp-json\/wp\/v2\/media\/5999"}],"wp:attachment":[{"href":"https:\/\/chileenunacaja.cl\/inicio\/wp-json\/wp\/v2\/media?parent=4601"}],"curies":[{"name":"wp","href":"https:\/\/api.w.org\/{rel}","templated":true}]}}