{"id":4902,"date":"2021-02-17T03:07:28","date_gmt":"2021-02-17T03:07:28","guid":{"rendered":"https:\/\/chileenunacaja.cl\/?post_type=product&#038;p=4902"},"modified":"2024-05-13T23:53:41","modified_gmt":"2024-05-13T23:53:41","slug":"crema-de-manos-y-balsamo-labial-cod-cormuj153","status":"publish","type":"product","link":"https:\/\/chileenunacaja.cl\/inicio\/producto\/crema-de-manos-y-balsamo-labial-cod-cormuj153\/","title":{"rendered":"Crema de manos y b\u00e1lsamo labial  COD: *CORMUJ153"},"content":{"rendered":"<p>Tubo de crema de manos\u00a0 de 45 gr formulado con aceites vegetales org\u00e1nicos.<\/p>\n<p>Puede elegir entre: aceite ricino (con aceite esencial de naranja), mora, grosella y rosas.<\/p>\n<p>Mas un B\u00e1lsamo labial hidratante enriquecido con aceite de coco, manteca de karit\u00e9,\u00a0 aceite de macadamia, manteca de cacao. Protege e hidrata los labios de forma natural y duradera libres de qu\u00edmicos. Fragancias disponibles: t\u00e9 verde, lemon grass &amp;verbena, mandarina &amp; mango , hibiscus o maqui. Tubo 5 ml. Presentaci\u00f3n en sobre con mensaje.<\/p>\n<p>*imagen referencial es s\u00f3lo un b\u00e1lsamo<\/p>\n","protected":false},"excerpt":{"rendered":"<p><strong>COD: *CORMUJ153<\/strong><\/p>\n<p>Crema de manos con un b\u00e1lsamo labial.<\/p>\n<h6><strong>Precios en base a 30 unidades.<\/strong> Descuentos por 50, 100, 300 y 500 unidades. Precios no incluyen IVA.\u00a0<em><a href=\"https:\/\/chileenunacaja.cl\/tabla-de-descuentos\/\"><strong>Ver<\/strong> <strong>tabla de descuentos.\u00a0<\/strong><\/a><\/em><\/h6>\n<p>&nbsp;<\/p>\n","protected":false},"featured_media":5011,"template":"","meta":{"_et_pb_use_builder":"","_et_pb_old_content":""},"class_list":["post-4902","product","type-product","status-publish","has-post-thumbnail","hentry","product_cat-dias-especiales","product_cat-mujer","product_cat-mujer-log","product_cat-ofertas"],"_links":{"self":[{"href":"https:\/\/chileenunacaja.cl\/inicio\/wp-json\/wp\/v2\/product\/4902","targetHints":{"allow":["GET"]}}],"collection":[{"href":"https:\/\/chileenunacaja.cl\/inicio\/wp-json\/wp\/v2\/product"}],"about":[{"href":"https:\/\/chileenunacaja.cl\/inicio\/wp-json\/wp\/v2\/types\/product"}],"wp:featuredmedia":[{"embeddable":true,"href":"https:\/\/chileenunacaja.cl\/inicio\/wp-json\/wp\/v2\/media\/5011"}],"wp:attachment":[{"href":"https:\/\/chileenunacaja.cl\/inicio\/wp-json\/wp\/v2\/media?parent=4902"}],"curies":[{"name":"wp","href":"https:\/\/api.w.org\/{rel}","templated":true}]}}