{"id":5184,"date":"2021-06-30T17:34:19","date_gmt":"2021-06-30T17:34:19","guid":{"rendered":"https:\/\/chileenunacaja.cl\/?post_type=product&#038;p=5184"},"modified":"2022-08-04T18:42:47","modified_gmt":"2022-08-04T18:42:47","slug":"domino-en-caja-de-madera-dados-negros-cod-corjue053","status":"publish","type":"product","link":"https:\/\/chileenunacaja.cl\/inicio\/producto\/domino-en-caja-de-madera-dados-negros-cod-corjue053\/","title":{"rendered":"Domin\u00f3 en caja de madera dados negros COD: *CORJUE053"},"content":{"rendered":"<p>Entretenido juego domin\u00f3 en caja de madera con tapa desplazable. Pr\u00e1ctico para jugar con los amigos o en familia. Dimensiones caja: 14.7 x 3.1 x 5 cm. Piezas en fino color negro con detalles en blanco.<\/p>\n<p>&nbsp;<\/p>\n<p>Presentaci\u00f3n en bolsa de papel kraft. Incluye grabado laser y tarjeta marcalibros\u00a0 con mensaje y logo empresa.<\/p>\n","protected":false},"excerpt":{"rendered":"<div class=\"nomprod\"><strong>*CORJUE010<\/strong><\/div>\n<div class=\"descripcion\">\n<p>Entretenido juego Yenga.<\/p>\n<p>&nbsp;<\/p>\n<h6><strong>Precios en base a 30 unidades.<\/strong> Descuentos por 50, 100, 300 y 500 unidades. Precios no incluyen IVA.\u00a0<em><a href=\"https:\/\/chileenunacaja.cl\/tabla-de-descuentos\/\"><strong>Ver<\/strong> <strong>tabla de descuentos.\u00a0<\/strong><\/a><\/em><\/h6>\n<\/div>\n","protected":false},"featured_media":5185,"template":"","meta":{"_et_pb_use_builder":"","_et_pb_old_content":""},"class_list":["post-5184","product","type-product","status-publish","has-post-thumbnail","hentry","product_cat-juegos","product_cat-madera"],"_links":{"self":[{"href":"https:\/\/chileenunacaja.cl\/inicio\/wp-json\/wp\/v2\/product\/5184","targetHints":{"allow":["GET"]}}],"collection":[{"href":"https:\/\/chileenunacaja.cl\/inicio\/wp-json\/wp\/v2\/product"}],"about":[{"href":"https:\/\/chileenunacaja.cl\/inicio\/wp-json\/wp\/v2\/types\/product"}],"wp:featuredmedia":[{"embeddable":true,"href":"https:\/\/chileenunacaja.cl\/inicio\/wp-json\/wp\/v2\/media\/5185"}],"wp:attachment":[{"href":"https:\/\/chileenunacaja.cl\/inicio\/wp-json\/wp\/v2\/media?parent=5184"}],"curies":[{"name":"wp","href":"https:\/\/api.w.org\/{rel}","templated":true}]}}