{"id":6004,"date":"2022-08-05T14:07:12","date_gmt":"2022-08-05T14:07:12","guid":{"rendered":"https:\/\/chileenunacaja.cl\/?post_type=product&#038;p=6004"},"modified":"2024-01-04T20:37:08","modified_gmt":"2024-01-04T20:37:08","slug":"set-acompanamientos-salado-pocillo-greda-y-cuchara-corgou262","status":"publish","type":"product","link":"https:\/\/chileenunacaja.cl\/inicio\/producto\/set-acompanamientos-salado-pocillo-greda-y-cuchara-corgou262\/","title":{"rendered":"Set acompa\u00f1amientos salado  pocillo greda y cuchara *CORGOU262"},"content":{"rendered":"<p>Set que incluye: Pasta de alcachofas o esp\u00e1rragos Perfect Choice de 280 grs , pocillo de greda de 8cm de di\u00e1metro y cuchara de madera fabricados por artesanos de la regi\u00f3n de la Araucan\u00eda.<\/p>\n<p>Presentaci\u00f3n en bolsa kraft..<\/p>\n<p>Incluye Tarjeta.<\/p>\n","protected":false},"excerpt":{"rendered":"<p><b>Pocillo greda con\u00a0cuchara madera y acompa\u00f1amiento.<\/b><\/p>\n<h6><strong>Precios en base a 30 unidades.<\/strong> Descuentos por 50, 100, 300 y 500 unidades. Precios no incluyen IVA.\u00a0<em><a href=\"https:\/\/chileenunacaja.cl\/tabla-de-descuentos\/\"><strong>Ver<\/strong> <strong>tabla de descuentos.\u00a0<\/strong><\/a><\/em><\/h6>\n<p>&nbsp;<\/p>\n","protected":false},"featured_media":6805,"template":"","meta":{"_et_pb_use_builder":"","_et_pb_old_content":""},"class_list":["post-6004","product","type-product","status-publish","has-post-thumbnail","hentry","product_cat-cumpleanos","product_cat-cumpleanos-log","product_cat-gourmet"],"_links":{"self":[{"href":"https:\/\/chileenunacaja.cl\/inicio\/wp-json\/wp\/v2\/product\/6004","targetHints":{"allow":["GET"]}}],"collection":[{"href":"https:\/\/chileenunacaja.cl\/inicio\/wp-json\/wp\/v2\/product"}],"about":[{"href":"https:\/\/chileenunacaja.cl\/inicio\/wp-json\/wp\/v2\/types\/product"}],"wp:featuredmedia":[{"embeddable":true,"href":"https:\/\/chileenunacaja.cl\/inicio\/wp-json\/wp\/v2\/media\/6805"}],"wp:attachment":[{"href":"https:\/\/chileenunacaja.cl\/inicio\/wp-json\/wp\/v2\/media?parent=6004"}],"curies":[{"name":"wp","href":"https:\/\/api.w.org\/{rel}","templated":true}]}}