{"id":6009,"date":"2022-08-05T14:17:44","date_gmt":"2022-08-05T14:17:44","guid":{"rendered":"https:\/\/chileenunacaja.cl\/?post_type=product&#038;p=6009"},"modified":"2022-09-27T12:48:49","modified_gmt":"2022-09-27T12:48:49","slug":"tabla-con-pinchos-y-sal-corgou268","status":"publish","type":"product","link":"https:\/\/chileenunacaja.cl\/inicio\/producto\/tabla-con-pinchos-y-sal-corgou268\/","title":{"rendered":"Tabla con pinchos y sal *CORGOU268"},"content":{"rendered":"<p>Set de pr\u00e1cticos 12 pinchos de madera + 1\u00a0 saco de Sal de Mar de Cahuil 200 gramos (MOLIDA FINA), es un noble y milenario producto extra\u00eddo artesanalmente con las mismas t\u00e9cnicas usadas en \u00e9pocas prehisp\u00e1nicas. 100% natural.<\/p>\n<p>+ Tabla madera peque\u00f1a de 15*12*2,2 cm.<\/p>\n<p>Incluye logo de la empresa grabado en uno de los art\u00edculos de madera.<\/p>\n<p>Presentaci\u00f3n en\u00a0 caja negra. Incluye tarjeta fiestas patrias con saludo y logo de empresa..<\/p>\n","protected":false},"excerpt":{"rendered":"<p><b>Tabla madera\u00a0peque\u00f1a con pinchos y sal.<\/b><\/p>\n<h6><strong>Precios en base a 30 unidades.<\/strong> Descuentos por 50, 100, 300 y 500 unidades. Precios no incluyen IVA.\u00a0<em><a href=\"https:\/\/chileenunacaja.cl\/tabla-de-descuentos\/\"><strong>Ver<\/strong> <strong>tabla de descuentos.\u00a0<\/strong><\/a><\/em><\/h6>\n<p>&nbsp;<\/p>\n","protected":false},"featured_media":6010,"template":"","meta":{"_et_pb_use_builder":"","_et_pb_old_content":""},"class_list":["post-6009","product","type-product","status-publish","has-post-thumbnail","hentry","product_cat-gourmet"],"_links":{"self":[{"href":"https:\/\/chileenunacaja.cl\/inicio\/wp-json\/wp\/v2\/product\/6009","targetHints":{"allow":["GET"]}}],"collection":[{"href":"https:\/\/chileenunacaja.cl\/inicio\/wp-json\/wp\/v2\/product"}],"about":[{"href":"https:\/\/chileenunacaja.cl\/inicio\/wp-json\/wp\/v2\/types\/product"}],"wp:featuredmedia":[{"embeddable":true,"href":"https:\/\/chileenunacaja.cl\/inicio\/wp-json\/wp\/v2\/media\/6010"}],"wp:attachment":[{"href":"https:\/\/chileenunacaja.cl\/inicio\/wp-json\/wp\/v2\/media?parent=6009"}],"curies":[{"name":"wp","href":"https:\/\/api.w.org\/{rel}","templated":true}]}}