{"id":6121,"date":"2022-10-17T16:45:57","date_gmt":"2022-10-17T16:45:57","guid":{"rendered":"https:\/\/chileenunacaja.cl\/?post_type=product&#038;p=6121"},"modified":"2024-01-04T20:34:40","modified_gmt":"2024-01-04T20:34:40","slug":"tazon-de-vidrio-con-cafe-en-sachet-cod-corvid034n","status":"publish","type":"product","link":"https:\/\/chileenunacaja.cl\/inicio\/producto\/tazon-de-vidrio-con-cafe-en-sachet-cod-corvid034n\/","title":{"rendered":"Taz\u00f3n de vidrio con caf\u00e9 en sachet COD: *CORVID034N"},"content":{"rendered":"<p>Taz\u00f3n de vidrio con logo de la empresa grabado, acompa\u00f1ado de cinco sachet de 2 grs de diferentes sabores. Caf\u00e9 ingl\u00e9s sin gluten, sin az\u00facar ni leche. Sabores disponibles: doble chocolate, chocolate naranja, almendra\u00a0 amaretto, vainilla, pan gengibre, cremoso caramelo o\u00a0 crema irlandesa<\/p>\n<p>Presentado en caja troquelada negra.<\/p>\n<p>Incluye tarjeta de saludo.<\/p>\n","protected":false},"excerpt":{"rendered":"<div class=\"descripcion\">\n<p>Set compuesto por exquisito caf\u00e9 tostado y molido de 250 gr\u00a0 con filtro de genero reutilizable, m\u00e1s taz\u00f3n para caf\u00e9 de 240 cc, con logo de la empresa grabado en l\u00e1ser.<\/p>\n<\/div>\n<h6><strong>Precios en base a 30 unidades.<\/strong> Descuentos por 50, 100, 300 y 500 unidades. Precios no incluyen IVA.\u00a0<em><a href=\"https:\/\/chileenunacaja.cl\/tabla-de-descuentos\/\"><strong>Ver<\/strong> <strong>tabla de descuentos.\u00a0<\/strong><\/a><\/em><\/h6>\n","protected":false},"featured_media":6122,"template":"","meta":{"_et_pb_use_builder":"","_et_pb_old_content":""},"class_list":["post-6121","product","type-product","status-publish","has-post-thumbnail","hentry","product_cat-cumpleanos","product_cat-cumpleanos-log","product_cat-dias-especiales","product_cat-gourmet","product_cat-ofertas","product_cat-vidrio"],"_links":{"self":[{"href":"https:\/\/chileenunacaja.cl\/inicio\/wp-json\/wp\/v2\/product\/6121","targetHints":{"allow":["GET"]}}],"collection":[{"href":"https:\/\/chileenunacaja.cl\/inicio\/wp-json\/wp\/v2\/product"}],"about":[{"href":"https:\/\/chileenunacaja.cl\/inicio\/wp-json\/wp\/v2\/types\/product"}],"wp:featuredmedia":[{"embeddable":true,"href":"https:\/\/chileenunacaja.cl\/inicio\/wp-json\/wp\/v2\/media\/6122"}],"wp:attachment":[{"href":"https:\/\/chileenunacaja.cl\/inicio\/wp-json\/wp\/v2\/media?parent=6121"}],"curies":[{"name":"wp","href":"https:\/\/api.w.org\/{rel}","templated":true}]}}