{"id":6144,"date":"2022-10-27T00:44:02","date_gmt":"2022-10-27T00:44:02","guid":{"rendered":"https:\/\/chileenunacaja.cl\/?post_type=product&#038;p=6144"},"modified":"2025-12-29T20:46:18","modified_gmt":"2025-12-29T20:46:18","slug":"canastillo-pequeno-con-manjar-y-cuchara-cod-cordul077","status":"publish","type":"product","link":"https:\/\/chileenunacaja.cl\/inicio\/producto\/canastillo-pequeno-con-manjar-y-cuchara-cod-cordul077\/","title":{"rendered":"Canastillo peque\u00f1o con manjar y cuchara COD: *CORDUL077"},"content":{"rendered":"<p>Pr\u00e1ctico canastillo de algod\u00f3n hecho por artesanas del sur, medidas 17*5 cm.<\/p>\n<p>M\u00e1s un delicioso manjar gourmet de 250 grs. Diferentes sabores Blanco, caco\/menta, cacao\/avellana, nuez\/canela, pistacho\/menta, cranberries al cognac, pasas al ron y otros. Con cuchara de madera.<\/p>\n<p>Presentaci\u00f3n\u00a0 en bolsa kraft.<\/p>\n<p>Incluye Tarjeta de saludo.<\/p>\n","protected":false},"excerpt":{"rendered":"<p><strong>COD: *CORDUL077<br \/>\n<\/strong><\/p>\n<p>Manjar con canastilo con manjar.<\/p>\n<h6><strong>Precios en base a 30 unidades.<\/strong> Descuentos por 50, 100, 300 y 500 unidades. Precios no incluyen IVA.\u00a0<em><a href=\"https:\/\/chileenunacaja.cl\/tabla-de-descuentos\/\"><strong>Ver<\/strong> <strong>tabla de descuentos.\u00a0<\/strong><\/a><\/em><\/h6>\n<p>&nbsp;<\/p>\n","protected":false},"featured_media":6145,"template":"","meta":{"_et_pb_use_builder":"","_et_pb_old_content":""},"class_list":["post-6144","product","type-product","status-publish","has-post-thumbnail","hentry","product_cat-cumpleanos","product_cat-cumpleanos-log","product_cat-gourmet","product_cat-ofertas"],"_links":{"self":[{"href":"https:\/\/chileenunacaja.cl\/inicio\/wp-json\/wp\/v2\/product\/6144","targetHints":{"allow":["GET"]}}],"collection":[{"href":"https:\/\/chileenunacaja.cl\/inicio\/wp-json\/wp\/v2\/product"}],"about":[{"href":"https:\/\/chileenunacaja.cl\/inicio\/wp-json\/wp\/v2\/types\/product"}],"wp:featuredmedia":[{"embeddable":true,"href":"https:\/\/chileenunacaja.cl\/inicio\/wp-json\/wp\/v2\/media\/6145"}],"wp:attachment":[{"href":"https:\/\/chileenunacaja.cl\/inicio\/wp-json\/wp\/v2\/media?parent=6144"}],"curies":[{"name":"wp","href":"https:\/\/api.w.org\/{rel}","templated":true}]}}