{"id":6156,"date":"2022-11-07T13:00:46","date_gmt":"2022-11-07T13:00:46","guid":{"rendered":"https:\/\/chileenunacaja.cl\/?post_type=product&#038;p=6156"},"modified":"2024-01-04T20:32:10","modified_gmt":"2024-01-04T20:32:10","slug":"set-balde-con-2-especias-en-tubo-de-ensayo-cod-corgou272","status":"publish","type":"product","link":"https:\/\/chileenunacaja.cl\/inicio\/producto\/set-balde-con-2-especias-en-tubo-de-ensayo-cod-corgou272\/","title":{"rendered":"Set balde con 2  especias en tubo de ensayo COD: *CORGOU272"},"content":{"rendered":"<p>Alternativa original para agregar sabor a tus preparaciones y armar su propio laboratorio en su cocina. Dos tubos de ensayo de hierbas o especias. Cada tubo mide 15 cm, 2 cm de di\u00e1metro m\u00e1s tapa de corcho,\u00a0 en balde met\u00e1lico de colores<\/p>\n<p>Alternativas. Aj\u00ed Cacho Cabra, Ajo, Albahaca, Canela, Cilantro, Comino, C\u00farcuma, Eneldo, Estrag\u00f3n, Fenogreco Mejorana, Mostaza, Or\u00e9gano, Perejil, Piment\u00f3n, Pimienta, Romero, Salvia, Sesamo Negro , Tomillo o mix de vegetales.<\/p>\n<p>Presentaci\u00f3n en bolsa de pape kraft. Incluye tarjeta de saludo 0 serigrafia en la bolsa.<\/p>\n","protected":false},"excerpt":{"rendered":"<p><strong>COD: *CORGOU272<br \/>\n<\/strong><\/p>\n<p>Balde con dos tubos de ensayo con especies o condimentos.<\/p>\n<h6><strong>Precios en base a 30 unidades.<\/strong> Descuentos por 50, 100, 300 y 500 unidades. Precios no incluyen IVA.\u00a0<em><a href=\"https:\/\/chileenunacaja.cl\/tabla-de-descuentos\/\"><strong>Ver<\/strong> <strong>tabla de descuentos.\u00a0<\/strong><\/a><\/em><\/h6>\n<p>&nbsp;<\/p>\n","protected":false},"featured_media":6158,"template":"","meta":{"_et_pb_use_builder":"","_et_pb_old_content":""},"class_list":["post-6156","product","type-product","status-publish","has-post-thumbnail","hentry","product_cat-cumpleanos","product_cat-cumpleanos-log","product_cat-gourmet"],"_links":{"self":[{"href":"https:\/\/chileenunacaja.cl\/inicio\/wp-json\/wp\/v2\/product\/6156","targetHints":{"allow":["GET"]}}],"collection":[{"href":"https:\/\/chileenunacaja.cl\/inicio\/wp-json\/wp\/v2\/product"}],"about":[{"href":"https:\/\/chileenunacaja.cl\/inicio\/wp-json\/wp\/v2\/types\/product"}],"wp:featuredmedia":[{"embeddable":true,"href":"https:\/\/chileenunacaja.cl\/inicio\/wp-json\/wp\/v2\/media\/6158"}],"wp:attachment":[{"href":"https:\/\/chileenunacaja.cl\/inicio\/wp-json\/wp\/v2\/media?parent=6156"}],"curies":[{"name":"wp","href":"https:\/\/api.w.org\/{rel}","templated":true}]}}