{"id":6186,"date":"2022-11-22T13:02:06","date_gmt":"2022-11-22T13:02:06","guid":{"rendered":"https:\/\/chileenunacaja.cl\/?post_type=product&#038;p=6186"},"modified":"2025-12-29T20:45:54","modified_gmt":"2025-12-29T20:45:54","slug":"canastillo-pequeno-con-pack-dulce-cod-cordul076","status":"publish","type":"product","link":"https:\/\/chileenunacaja.cl\/inicio\/producto\/canastillo-pequeno-con-pack-dulce-cod-cordul076\/","title":{"rendered":"Canastillo peque\u00f1o con pack dulce COD: *CORDUL076"},"content":{"rendered":"<p>Pr\u00e1ctico canastillo de algod\u00f3n hecho por artesanas del sur, medidas 17*5 cm.<\/p>\n<p>M\u00e1s un delicioso manjar gourmet de 250 grs. Diferentes sabores Blanco, caco\/menta, cacao\/avellana, nuez\/canela, pistacho\/menta, cranberries al cognac, pasas al ron y otros. Adem\u00e1s con una deliciosa miel premium gourmet Taku de 325 gr. extra\u00edda del bosque nativo del sur de Chile m\u00e1s cuchara de madera.<\/p>\n<p>Presentaci\u00f3n\u00a0 en bolsa kraft.<\/p>\n<p>Incluye Tarjeta de saludo.<\/p>\n","protected":false},"excerpt":{"rendered":"<p><strong>COD: *CORDUL076<\/strong><\/p>\n<p>Canastillo con miel y dulce de leche.<\/p>\n<h6><strong>Precios en base a 30 unidades.<\/strong> Descuentos por 50, 100, 300 y 500 unidades. Precios no incluyen IVA.\u00a0<em><a href=\"https:\/\/chileenunacaja.cl\/tabla-de-descuentos\/\"><strong>Ver<\/strong> <strong>tabla de descuentos.\u00a0<\/strong><\/a><\/em><\/h6>\n<p>&nbsp;<\/p>\n","protected":false},"featured_media":6187,"template":"","meta":{"_et_pb_use_builder":"","_et_pb_old_content":""},"class_list":["post-6186","product","type-product","status-publish","has-post-thumbnail","hentry","product_cat-cumpleanos","product_cat-cumpleanos-log","product_cat-gourmet","product_cat-ofertas"],"_links":{"self":[{"href":"https:\/\/chileenunacaja.cl\/inicio\/wp-json\/wp\/v2\/product\/6186","targetHints":{"allow":["GET"]}}],"collection":[{"href":"https:\/\/chileenunacaja.cl\/inicio\/wp-json\/wp\/v2\/product"}],"about":[{"href":"https:\/\/chileenunacaja.cl\/inicio\/wp-json\/wp\/v2\/types\/product"}],"wp:featuredmedia":[{"embeddable":true,"href":"https:\/\/chileenunacaja.cl\/inicio\/wp-json\/wp\/v2\/media\/6187"}],"wp:attachment":[{"href":"https:\/\/chileenunacaja.cl\/inicio\/wp-json\/wp\/v2\/media?parent=6186"}],"curies":[{"name":"wp","href":"https:\/\/api.w.org\/{rel}","templated":true}]}}