{"id":637,"date":"2017-12-11T04:17:10","date_gmt":"2017-12-11T04:17:10","guid":{"rendered":"https:\/\/chileenunacaja.cl\/?post_type=product&#038;p=637"},"modified":"2024-10-10T13:40:51","modified_gmt":"2024-10-10T13:40:51","slug":"tazon-gres-azul","status":"publish","type":"product","link":"https:\/\/chileenunacaja.cl\/inicio\/producto\/tazon-gres-azul\/","title":{"rendered":"Taz\u00f3n Gres *CORCER004"},"content":{"rendered":"<p>Taz\u00f3n de Cer\u00e1mica en Gres, con motivos a elecci\u00f3n, fabricado por artesana de la Regi\u00f3n Metropolitana.<br \/>\nIncluye tarjeta.<br \/>\nPresentaci\u00f3n en caja troquelada de cart\u00f3n negra.<\/p>\n","protected":false},"excerpt":{"rendered":"<p><strong>COD: *CORCER004 <\/strong><br \/>\nTaz\u00f3n de Cer\u00e1mica en Gres, con motivos a elecci\u00f3n, fabricado por artesana de la Regi\u00f3n Metropolitana.<\/p>\n<h6><strong>Precios en base a 30 unidades.<\/strong> Descuentos por 50, 100, 300 y 500 unidades. Precios no incluyen IVA.\u00a0<em><a href=\"https:\/\/chileenunacaja.cl\/tabla-de-descuentos\/\"><strong>Ver<\/strong> <strong>tabla de descuentos.\u00a0<\/strong><\/a><\/em><\/h6>\n<p>&nbsp;<\/p>\n","protected":false},"featured_media":6118,"template":"","meta":{"_et_pb_use_builder":"","_et_pb_old_content":""},"class_list":["post-637","product","type-product","status-publish","has-post-thumbnail","hentry","product_cat-ceramica","product_cat-navidad","product_cat-navidad-log"],"_links":{"self":[{"href":"https:\/\/chileenunacaja.cl\/inicio\/wp-json\/wp\/v2\/product\/637","targetHints":{"allow":["GET"]}}],"collection":[{"href":"https:\/\/chileenunacaja.cl\/inicio\/wp-json\/wp\/v2\/product"}],"about":[{"href":"https:\/\/chileenunacaja.cl\/inicio\/wp-json\/wp\/v2\/types\/product"}],"wp:featuredmedia":[{"embeddable":true,"href":"https:\/\/chileenunacaja.cl\/inicio\/wp-json\/wp\/v2\/media\/6118"}],"wp:attachment":[{"href":"https:\/\/chileenunacaja.cl\/inicio\/wp-json\/wp\/v2\/media?parent=637"}],"curies":[{"name":"wp","href":"https:\/\/api.w.org\/{rel}","templated":true}]}}