{"id":6569,"date":"2023-05-17T23:16:15","date_gmt":"2023-05-17T23:16:15","guid":{"rendered":"https:\/\/chileenunacaja.cl\/?post_type=product&#038;p=6569"},"modified":"2023-06-30T00:12:00","modified_gmt":"2023-06-30T00:12:00","slug":"bolsa-con-cafe-te-y-calugas-ii-cod-corhie046","status":"publish","type":"product","link":"https:\/\/chileenunacaja.cl\/inicio\/producto\/bolsa-con-cafe-te-y-calugas-ii-cod-corhie046\/","title":{"rendered":"Bolsa con caf\u00e9 t\u00e9 y calugas II COD: *CORHIE046"},"content":{"rendered":"<p>Set compuesto de 3 bolsas de t\u00e9 Dilmak variedades\u00a0 y 3 sachet de 2 grs de diferentes sabores de\u00a0 caf\u00e9 ingl\u00e9s sin gluten, sin az\u00facar ni leche. M\u00e1s 5 deliciosas calugas de mi campo.<\/p>\n<p>Presentaci\u00f3n en sobre de papel kraft con mensaje del d\u00eda del padre.<\/p>\n","protected":false},"excerpt":{"rendered":"<p>Sobre con t\u00e9, caf\u00e9 y chalupas.<\/p>\n<h6><strong>Precios en base a 30 unidades.<\/strong> Descuentos por 50, 100, 300 y 500 unidades. Precios no incluyen IVA.\u00a0<em><a href=\"https:\/\/chileenunacaja.cl\/tabla-de-descuentos\/\"><strong>Ver<\/strong> <strong>tabla de descuentos.\u00a0<\/strong><\/a><\/em><\/h6>\n","protected":false},"featured_media":6570,"template":"","meta":{"_et_pb_use_builder":"","_et_pb_old_content":""},"class_list":["post-6569","product","type-product","status-publish","has-post-thumbnail","hentry","product_cat-gourmet"],"_links":{"self":[{"href":"https:\/\/chileenunacaja.cl\/inicio\/wp-json\/wp\/v2\/product\/6569","targetHints":{"allow":["GET"]}}],"collection":[{"href":"https:\/\/chileenunacaja.cl\/inicio\/wp-json\/wp\/v2\/product"}],"about":[{"href":"https:\/\/chileenunacaja.cl\/inicio\/wp-json\/wp\/v2\/types\/product"}],"wp:featuredmedia":[{"embeddable":true,"href":"https:\/\/chileenunacaja.cl\/inicio\/wp-json\/wp\/v2\/media\/6570"}],"wp:attachment":[{"href":"https:\/\/chileenunacaja.cl\/inicio\/wp-json\/wp\/v2\/media?parent=6569"}],"curies":[{"name":"wp","href":"https:\/\/api.w.org\/{rel}","templated":true}]}}