{"id":6619,"date":"2023-06-01T23:43:37","date_gmt":"2023-06-01T23:43:37","guid":{"rendered":"https:\/\/chileenunacaja.cl\/?post_type=product&#038;p=6619"},"modified":"2023-06-29T19:58:37","modified_gmt":"2023-06-29T19:58:37","slug":"tazon-de-vidrio-con-te-dilmah-codcorvid001","status":"publish","type":"product","link":"https:\/\/chileenunacaja.cl\/inicio\/producto\/tazon-de-vidrio-con-te-dilmah-codcorvid001\/","title":{"rendered":"Taz\u00f3n de  vidrio con T\u00e9  Dilmah COD:*CORVID001"},"content":{"rendered":"<p>Taz\u00f3n de vidrio con logo de la empresa grabado, con 5 bolsitas de T\u00e9 Dilmah, distintas variedades, presentado en caja troquelada negra.<\/p>\n<p>Incluye tarjeta.<\/p>\n","protected":false},"excerpt":{"rendered":"<p>Taz\u00f3n de vidrio con t\u00e9.<\/p>\n<h6><strong>Precios en base a 30 unidades.<\/strong> Descuentos por 50, 100, 300 y 500 unidades. Precios no incluyen IVA.\u00a0<em><a href=\"https:\/\/chileenunacaja.cl\/tabla-de-descuentos\/\"><strong>Ver<\/strong> <strong>tabla de descuentos.\u00a0<\/strong><\/a><\/em><\/h6>\n","protected":false},"featured_media":6620,"template":"","meta":{"_et_pb_use_builder":"","_et_pb_old_content":""},"class_list":["post-6619","product","type-product","status-publish","has-post-thumbnail","hentry","product_cat-gourmet"],"_links":{"self":[{"href":"https:\/\/chileenunacaja.cl\/inicio\/wp-json\/wp\/v2\/product\/6619","targetHints":{"allow":["GET"]}}],"collection":[{"href":"https:\/\/chileenunacaja.cl\/inicio\/wp-json\/wp\/v2\/product"}],"about":[{"href":"https:\/\/chileenunacaja.cl\/inicio\/wp-json\/wp\/v2\/types\/product"}],"wp:featuredmedia":[{"embeddable":true,"href":"https:\/\/chileenunacaja.cl\/inicio\/wp-json\/wp\/v2\/media\/6620"}],"wp:attachment":[{"href":"https:\/\/chileenunacaja.cl\/inicio\/wp-json\/wp\/v2\/media?parent=6619"}],"curies":[{"name":"wp","href":"https:\/\/api.w.org\/{rel}","templated":true}]}}