{"id":6625,"date":"2023-06-02T00:47:34","date_gmt":"2023-06-02T00:47:34","guid":{"rendered":"https:\/\/chileenunacaja.cl\/?post_type=product&#038;p=6625"},"modified":"2023-06-29T19:51:46","modified_gmt":"2023-06-29T19:51:46","slug":"mug-para-cafe-cod-corhie048","status":"publish","type":"product","link":"https:\/\/chileenunacaja.cl\/inicio\/producto\/mug-para-cafe-cod-corhie048\/","title":{"rendered":"Mug para caf\u00e9  COD: *CORHIE048"},"content":{"rendered":"<p>Pr\u00e1ctico mini mug t\u00e9rmico de acero inoxidable, especial para el caf\u00e9, tiene doble pared aislante. y tapa de pl\u00e1stico\u00a0 negro con dosificador m\u00f3vil<\/p>\n<p>Diferentes colores: plata, blanco , azul , rojo, naranjo, amarillo, verde o negro.<\/p>\n<p>Capicidad 250 cc<\/p>\n<p>Medidas: \u00d8 5.9 x 13.1 cm.<\/p>\n<p>M\u00e1s 3 exquisitos sachet de 2 grs de diferentes sabores de\u00a0 caf\u00e9 ingl\u00e9s sin gluten, sin az\u00facar ni leche.<\/p>\n<p>Incluye frase o logo con serigrafia a un color.<\/p>\n<p>Presentaci\u00f3n caja\u00a0 blanca y bolsa kraft.<\/p>\n<p>Incluye tarjeta.<\/p>\n","protected":false},"excerpt":{"rendered":"<p>Pr\u00e1ctico mini mug con 3 sachet de caf\u00e9.<\/p>\n<h6><strong>Precios en base a 30 unidades.<\/strong> Descuentos por 50, 100, 300 y 500 unidades. Precios no incluyen IVA.\u00a0<em><a href=\"https:\/\/chileenunacaja.cl\/tabla-de-descuentos\/\"><strong>Ver<\/strong> <strong>tabla de descuentos.\u00a0<\/strong><\/a><\/em><\/h6>\n","protected":false},"featured_media":6626,"template":"","meta":{"_et_pb_use_builder":"","_et_pb_old_content":""},"class_list":["post-6625","product","type-product","status-publish","has-post-thumbnail","hentry","product_cat-gourmet"],"_links":{"self":[{"href":"https:\/\/chileenunacaja.cl\/inicio\/wp-json\/wp\/v2\/product\/6625","targetHints":{"allow":["GET"]}}],"collection":[{"href":"https:\/\/chileenunacaja.cl\/inicio\/wp-json\/wp\/v2\/product"}],"about":[{"href":"https:\/\/chileenunacaja.cl\/inicio\/wp-json\/wp\/v2\/types\/product"}],"wp:featuredmedia":[{"embeddable":true,"href":"https:\/\/chileenunacaja.cl\/inicio\/wp-json\/wp\/v2\/media\/6626"}],"wp:attachment":[{"href":"https:\/\/chileenunacaja.cl\/inicio\/wp-json\/wp\/v2\/media?parent=6625"}],"curies":[{"name":"wp","href":"https:\/\/api.w.org\/{rel}","templated":true}]}}