{"id":6744,"date":"2023-08-08T16:09:51","date_gmt":"2023-08-08T16:09:51","guid":{"rendered":"https:\/\/chileenunacaja.cl\/?post_type=product&#038;p=6744"},"modified":"2024-01-04T20:28:22","modified_gmt":"2024-01-04T20:28:22","slug":"salsa-de-aji-con-pocillo-de-greda-cod-corgou184-2","status":"publish","type":"product","link":"https:\/\/chileenunacaja.cl\/inicio\/producto\/salsa-de-aji-con-pocillo-de-greda-cod-corgou184-2\/","title":{"rendered":"Salsa de aj\u00ed con pocillo de greda COD: *CORGOU184"},"content":{"rendered":"<p>Exquisita pasta de aj\u00ed ideal para condimentar y entregar un sabor \u00fanico a las comidas, puede elegir entre las siguientes alternativas Aj\u00ed de verano a base de aj\u00ed verde ideal para dar un picor y sabor fresco a las comidas, pasta de oto\u00f1o suave y cremosa ideal para comidas tradicionales, aj\u00ed cacho cabra ahumado un sabor intenso y perfumado.<\/p>\n<p>M\u00e1s pocillo de greda con cucharita de bambu.<\/p>\n<p>Incluye tarjeta fiestas patrias con saludo y logo de empresa.<\/p>\n","protected":false},"excerpt":{"rendered":"<p>Pocillo y cuchara de greda con pasta de aj\u00ed. Incluye tarjeta.<\/p>\n<p>&nbsp;<\/p>\n<h6><strong>Precios en base a 30 unidades.<\/strong> Descuentos por 50, 100, 300 y 500 unidades. Precios no incluyen IVA.\u00a0<em><a href=\"https:\/\/chileenunacaja.cl\/tabla-de-descuentos\/\"><strong>Ver<\/strong> <strong>tabla de descuentos.\u00a0<\/strong><\/a><\/em><\/h6>\n<p>&nbsp;<\/p>\n","protected":false},"featured_media":6802,"template":"","meta":{"_et_pb_use_builder":"","_et_pb_old_content":""},"class_list":["post-6744","product","type-product","status-publish","has-post-thumbnail","hentry","product_cat-cumpleanos","product_cat-cumpleanos-log","product_cat-gourmet"],"_links":{"self":[{"href":"https:\/\/chileenunacaja.cl\/inicio\/wp-json\/wp\/v2\/product\/6744","targetHints":{"allow":["GET"]}}],"collection":[{"href":"https:\/\/chileenunacaja.cl\/inicio\/wp-json\/wp\/v2\/product"}],"about":[{"href":"https:\/\/chileenunacaja.cl\/inicio\/wp-json\/wp\/v2\/types\/product"}],"wp:featuredmedia":[{"embeddable":true,"href":"https:\/\/chileenunacaja.cl\/inicio\/wp-json\/wp\/v2\/media\/6802"}],"wp:attachment":[{"href":"https:\/\/chileenunacaja.cl\/inicio\/wp-json\/wp\/v2\/media?parent=6744"}],"curies":[{"name":"wp","href":"https:\/\/api.w.org\/{rel}","templated":true}]}}