{"id":6855,"date":"2023-11-10T14:40:47","date_gmt":"2023-11-10T14:40:47","guid":{"rendered":"https:\/\/chileenunacaja.cl\/?post_type=product&#038;p=6855"},"modified":"2025-12-29T20:13:14","modified_gmt":"2025-12-29T20:13:14","slug":"set-tabla-aperitivo-con-acompanamiento-cod-corgou286","status":"publish","type":"product","link":"https:\/\/chileenunacaja.cl\/inicio\/producto\/set-tabla-aperitivo-con-acompanamiento-cod-corgou286\/","title":{"rendered":"Set tabla aperitivo con acompa\u00f1amiento COD: *CORGOU286"},"content":{"rendered":"<p>Pr\u00e1ctica tabla de madera ideal para c\u00f3ctel Medidas:\u00a0 20*12 cm M\u00e1s pocillo y cuchara de madera + acompa\u00f1amiento salado de 160 grs. Alternativas: mermelada piment\u00f3n piquillo, mermelada de rocoto o mermelada de cebolla morada..<\/p>\n<p>Incluye logo de la empresa en laser.<\/p>\n<p>Presentaci\u00f3n en caja kraft.<\/p>\n<p>Incluye tarjeta de saludo.<\/p>\n","protected":false},"excerpt":{"rendered":"<p>Tabla aperitivo con acompa\u00f1amiento salado.<\/p>\n<p>&nbsp;<\/p>\n<h6><strong>Precios en base a 30 unidades.<\/strong> Descuentos por 50, 100, 300 y 500 unidades. Precios no incluyen IVA.\u00a0<em><a href=\"https:\/\/chileenunacaja.cl\/tabla-de-descuentos\/\"><strong>Ver<\/strong> <strong>tabla de descuentos.\u00a0<\/strong><\/a><\/em><\/h6>\n<p>&nbsp;<\/p>\n","protected":false},"featured_media":6856,"template":"","meta":{"_et_pb_use_builder":"","_et_pb_old_content":""},"class_list":["post-6855","product","type-product","status-publish","has-post-thumbnail","hentry","product_cat-cumpleanos","product_cat-cumpleanos-log","product_cat-gourmet","product_cat-ofertas"],"_links":{"self":[{"href":"https:\/\/chileenunacaja.cl\/inicio\/wp-json\/wp\/v2\/product\/6855","targetHints":{"allow":["GET"]}}],"collection":[{"href":"https:\/\/chileenunacaja.cl\/inicio\/wp-json\/wp\/v2\/product"}],"about":[{"href":"https:\/\/chileenunacaja.cl\/inicio\/wp-json\/wp\/v2\/types\/product"}],"wp:featuredmedia":[{"embeddable":true,"href":"https:\/\/chileenunacaja.cl\/inicio\/wp-json\/wp\/v2\/media\/6856"}],"wp:attachment":[{"href":"https:\/\/chileenunacaja.cl\/inicio\/wp-json\/wp\/v2\/media?parent=6855"}],"curies":[{"name":"wp","href":"https:\/\/api.w.org\/{rel}","templated":true}]}}