{"id":6897,"date":"2023-11-29T12:35:10","date_gmt":"2023-11-29T12:35:10","guid":{"rendered":"https:\/\/chileenunacaja.cl\/?post_type=product&#038;p=6897"},"modified":"2025-01-22T15:47:48","modified_gmt":"2025-01-22T15:47:48","slug":"abla-madera-con-forma-de-queso-y-acompanamiento-cod-corgou288","status":"publish","type":"product","link":"https:\/\/chileenunacaja.cl\/inicio\/producto\/abla-madera-con-forma-de-queso-y-acompanamiento-cod-corgou288\/","title":{"rendered":"abla madera con forma de queso y acompa\u00f1amiento  COD: *CORGOU288"},"content":{"rendered":"<p>Tabla de madera con forma de queso (medidas: 33*14*2 cm.aprox.)realizada por artesanos de la Regi\u00f3n de la Araucan\u00eda.<\/p>\n<p>Posee grabado l\u00e1ser de la tabla + acompa\u00f1amiento salado de 160 grs. Alternativas: mermelada piment\u00f3n piquillo, mermelada de rocoto o mermelada de cebolla morada..<\/p>\n<p>Presentaci\u00f3n en bolsa kraft.<\/p>\n<p>Incluye tarjeta de saludo personalizado.<\/p>\n","protected":false},"excerpt":{"rendered":"<p>Tabla de madera con forma de queso con acompa\u00f1amiento salado.<\/p>\n<h6><strong>Precios en base a 30 unidades.<\/strong> Descuentos por 50, 100, 300 y 500 unidades. Precios no incluyen IVA.\u00a0<em><a href=\"https:\/\/chileenunacaja.cl\/tabla-de-descuentos\/\"><strong>Ver<\/strong> <strong>tabla de descuentos.\u00a0<\/strong><\/a><\/em><\/h6>\n<p>&nbsp;<\/p>\n","protected":false},"featured_media":6898,"template":"","meta":{"_et_pb_use_builder":"","_et_pb_old_content":""},"class_list":["post-6897","product","type-product","status-publish","has-post-thumbnail","hentry","product_cat-dias-especiales","product_cat-gourmet","product_cat-ofertas"],"_links":{"self":[{"href":"https:\/\/chileenunacaja.cl\/inicio\/wp-json\/wp\/v2\/product\/6897","targetHints":{"allow":["GET"]}}],"collection":[{"href":"https:\/\/chileenunacaja.cl\/inicio\/wp-json\/wp\/v2\/product"}],"about":[{"href":"https:\/\/chileenunacaja.cl\/inicio\/wp-json\/wp\/v2\/types\/product"}],"wp:featuredmedia":[{"embeddable":true,"href":"https:\/\/chileenunacaja.cl\/inicio\/wp-json\/wp\/v2\/media\/6898"}],"wp:attachment":[{"href":"https:\/\/chileenunacaja.cl\/inicio\/wp-json\/wp\/v2\/media?parent=6897"}],"curies":[{"name":"wp","href":"https:\/\/api.w.org\/{rel}","templated":true}]}}