{"id":6899,"date":"2023-11-29T12:38:22","date_gmt":"2023-11-29T12:38:22","guid":{"rendered":"https:\/\/chileenunacaja.cl\/?post_type=product&#038;p=6899"},"modified":"2024-12-02T12:55:03","modified_gmt":"2024-12-02T12:55:03","slug":"tazon-de-vidrio-con-caja-de-te-en-hojas-cod-corvid048","status":"publish","type":"product","link":"https:\/\/chileenunacaja.cl\/inicio\/producto\/tazon-de-vidrio-con-caja-de-te-en-hojas-cod-corvid048\/","title":{"rendered":"Taz\u00f3n de vidrio con  caja de t\u00e9 en hojas COD: *CORVID048"},"content":{"rendered":"<p>Taz\u00f3n de vidrio con logo de la empresa grabado con laser o saludo navide\u00f1o, acompa\u00f1ado de uns caja de t\u00e9 en hojas\u00a0 de 20 grs diferentes sabores: Ceylan Supreme, Earl Grey, Moroccan Mint Green Tea o Green Tea Jasmine.<\/p>\n<p>M\u00e1s\u00a0 infusor met\u00e1lico.<\/p>\n<p>Presentado en caja troquelada negra.<\/p>\n<p>Incluye tarjeta.<\/p>\n","protected":false},"excerpt":{"rendered":"<p><strong>COD: **CORVID047<br \/>\n<\/strong><\/p>\n<p>Taz\u00f3n de vidrio con t\u00e9 y difusor.<\/p>\n<h6><strong>Precios en base a 30 unidades.<\/strong> Descuentos por 50, 100, 300 y 500 unidades. Precios no incluyen IVA.\u00a0<em><a href=\"https:\/\/chileenunacaja.cl\/tabla-de-descuentos\/\"><strong>Ver<\/strong> <strong>tabla de descuentos.\u00a0<\/strong><\/a><\/em><\/h6>\n<p>&nbsp;<\/p>\n","protected":false},"featured_media":6900,"template":"","meta":{"_et_pb_use_builder":"","_et_pb_old_content":""},"class_list":["post-6899","product","type-product","status-publish","has-post-thumbnail","hentry","product_cat-cumpleanos","product_cat-cumpleanos-log","product_cat-gourmet","product_cat-ofertas"],"_links":{"self":[{"href":"https:\/\/chileenunacaja.cl\/inicio\/wp-json\/wp\/v2\/product\/6899","targetHints":{"allow":["GET"]}}],"collection":[{"href":"https:\/\/chileenunacaja.cl\/inicio\/wp-json\/wp\/v2\/product"}],"about":[{"href":"https:\/\/chileenunacaja.cl\/inicio\/wp-json\/wp\/v2\/types\/product"}],"wp:featuredmedia":[{"embeddable":true,"href":"https:\/\/chileenunacaja.cl\/inicio\/wp-json\/wp\/v2\/media\/6900"}],"wp:attachment":[{"href":"https:\/\/chileenunacaja.cl\/inicio\/wp-json\/wp\/v2\/media?parent=6899"}],"curies":[{"name":"wp","href":"https:\/\/api.w.org\/{rel}","templated":true}]}}