{"id":6901,"date":"2023-11-29T12:41:46","date_gmt":"2023-11-29T12:41:46","guid":{"rendered":"https:\/\/chileenunacaja.cl\/?post_type=product&#038;p=6901"},"modified":"2026-03-26T21:52:58","modified_gmt":"2026-03-26T21:52:58","slug":"libro-de-chile-con-marcador-de-cobre-cod-extzon059","status":"publish","type":"product","link":"https:\/\/chileenunacaja.cl\/inicio\/producto\/libro-de-chile-con-marcador-de-cobre-cod-extzon059\/","title":{"rendered":"Libro de Chile con marcador de cobre COD: *EXTZON059"},"content":{"rendered":"<p>Libro de Chile tapa dura con maravillosas fotograf\u00edas de Chile. \u2022 Edicio\u0301n bilingu\u0308e de lujo con ma\u0301s de 130 fotografi\u0301as a todo color y un detallado mapa de todo Chile.<\/p>\n<p>\u2022 Completo viaje por Chile desde la regio\u0301n de Tarapaca\u0301, donde se inicia el desierto ma\u0301s a\u0301rido del mundo, hasta Magallanes, territorio de los hielos australes.<\/p>\n<p>\u2022 Un libro necesario que despierta la curiosidad del lector y lo invita a descubrir por si\u0301 mismo que Chile es todavi\u0301a un parai\u0301so.<\/p>\n<p>Presentaci\u00f3n en estuche duro de cart\u00f3n con imagen portada del libro en caja de cart\u00f3n forrada negra.<\/p>\n<p>Incluye\u00a0 marcador de cobre realizado por artesano de Chilo\u00e9 , con el logo de la empresa grabado en l\u00e1ser. Incluye tarjeta de saludo.<\/p>\n","protected":false},"excerpt":{"rendered":"<p>Libro de Chile tapa dura con maravillosas fotograf\u00edas de Chile y marcador de cobre.<\/p>\n<h6><strong>Precios en base a 10 unidades.<\/strong> Descuentos por 30, 50, 100 unidades. Precios no incluyen IVA.\u00a0<em><a href=\"https:\/\/chileenunacaja.cl\/tabla-de-descuentos\/\"><strong>Ver<\/strong> <strong>tabla de descuentos.\u00a0<\/strong><\/a><\/em><\/h6>\n","protected":false},"featured_media":6902,"template":"","meta":{"_et_pb_use_builder":"","_et_pb_old_content":""},"class_list":["post-6901","product","type-product","status-publish","has-post-thumbnail","hentry","product_cat-zonales","product_cat-zonales-log"],"_links":{"self":[{"href":"https:\/\/chileenunacaja.cl\/inicio\/wp-json\/wp\/v2\/product\/6901","targetHints":{"allow":["GET"]}}],"collection":[{"href":"https:\/\/chileenunacaja.cl\/inicio\/wp-json\/wp\/v2\/product"}],"about":[{"href":"https:\/\/chileenunacaja.cl\/inicio\/wp-json\/wp\/v2\/types\/product"}],"wp:featuredmedia":[{"embeddable":true,"href":"https:\/\/chileenunacaja.cl\/inicio\/wp-json\/wp\/v2\/media\/6902"}],"wp:attachment":[{"href":"https:\/\/chileenunacaja.cl\/inicio\/wp-json\/wp\/v2\/media?parent=6901"}],"curies":[{"name":"wp","href":"https:\/\/api.w.org\/{rel}","templated":true}]}}