{"id":8222,"date":"2026-03-23T00:29:53","date_gmt":"2026-03-23T00:29:53","guid":{"rendered":"https:\/\/chileenunacaja.cl\/inicio\/?post_type=product&#038;p=8222"},"modified":"2026-03-23T00:33:05","modified_gmt":"2026-03-23T00:33:05","slug":"necessaire-algodon-cod-cormuj214m","status":"publish","type":"product","link":"https:\/\/chileenunacaja.cl\/inicio\/producto\/necessaire-algodon-cod-cormuj214m\/","title":{"rendered":"Necessaire algod\u00f3n COD: *CORMUJ214M"},"content":{"rendered":"<p>Necessaire de algod\u00f3n reciclado. Cierre a tono con tirador de algod\u00f3n de 4,5 x 2 cm. Colores disponibles: beige y rosado.<\/p>\n<p>Medidas: 23,5 x 17 x 6,5 cm. Incluye logo con serigraf\u00eda a un color.<\/p>\n<p>Presentacion en bolsa de papel kraft.<\/p>\n<p>Incluye tarjeta de saludo.<\/p>\n","protected":false},"excerpt":{"rendered":"<div class=\"descripcion\">\n<p>Necessaire de tela con un compartimiento con logo.<\/p>\n<\/div>\n<h6><strong>Precios en base a 30 unidades.<\/strong> Descuentos por 50, 100, 300 y 500 unidades. Precios no incluyen IVA.\u00a0<em><a href=\"https:\/\/chileenunacaja.cl\/tabla-de-descuentos\/\"><strong>Ver<\/strong> <strong>tabla de descuentos.\u00a0<\/strong><\/a><\/em><\/h6>\n","protected":false},"featured_media":8224,"template":"","meta":{"_et_pb_use_builder":"","_et_pb_old_content":""},"class_list":["post-8222","product","type-product","status-publish","has-post-thumbnail","hentry","product_cat-destacados","product_cat-dia-madre","product_cat-mujer","product_cat-mujer-log"],"_links":{"self":[{"href":"https:\/\/chileenunacaja.cl\/inicio\/wp-json\/wp\/v2\/product\/8222","targetHints":{"allow":["GET"]}}],"collection":[{"href":"https:\/\/chileenunacaja.cl\/inicio\/wp-json\/wp\/v2\/product"}],"about":[{"href":"https:\/\/chileenunacaja.cl\/inicio\/wp-json\/wp\/v2\/types\/product"}],"wp:featuredmedia":[{"embeddable":true,"href":"https:\/\/chileenunacaja.cl\/inicio\/wp-json\/wp\/v2\/media\/8224"}],"wp:attachment":[{"href":"https:\/\/chileenunacaja.cl\/inicio\/wp-json\/wp\/v2\/media?parent=8222"}],"curies":[{"name":"wp","href":"https:\/\/api.w.org\/{rel}","templated":true}]}}