{"id":929,"date":"2018-01-24T00:08:19","date_gmt":"2018-01-24T00:08:19","guid":{"rendered":"https:\/\/chileenunacaja.cl\/?post_type=product&#038;p=929"},"modified":"2025-01-22T15:48:31","modified_gmt":"2025-01-22T15:48:31","slug":"tazon-con-te-infusiones-de-frutas","status":"publish","type":"product","link":"https:\/\/chileenunacaja.cl\/inicio\/producto\/tazon-con-te-infusiones-de-frutas\/","title":{"rendered":"Taz\u00f3n con t\u00e9 infusiones de frutas *CORVID003"},"content":{"rendered":"<p>Taz\u00f3n de vidrio con logo de la empresa e infusor , con cajita de t\u00e9 \u201cTe cuida con infusi\u00f3n de fruta\u201d que pueden ser las siguientes variedades:<br \/>\nAr\u00e1ndano (antioxidante)<br \/>\nCereza (transito lento)<br \/>\nManzana ( adelgazante)<br \/>\nRosa Mosqueta ( cicatrizante)<br \/>\nLim\u00f3n ( combate el resfrio, gripe, fiebre)<\/p>\n<p>Presentaci\u00f3n en caja cart\u00f3n verde.<br \/>\nIncluye tarjeta.<\/p>\n","protected":false},"excerpt":{"rendered":"<div class=\"nomprod\"><strong>COD: *CORVID003<\/strong><\/div>\n<div class=\"descripcion\">\n<p>Taz\u00f3n de vidrio con logo de la empresa e infusor, con cajita de t\u00e9 \u201cTe cuida con infusi\u00f3n de fruta\u201d que de diferentes variedades:<\/p>\n<\/div>\n<h6><strong>Precios en base a 30 unidades.<\/strong> Descuentos por 50, 100, 300 y 500 unidades. Precios no incluyen IVA.\u00a0<em><a href=\"https:\/\/chileenunacaja.cl\/tabla-de-descuentos\/\"><strong>Ver<\/strong> <strong>tabla de descuentos.\u00a0<\/strong><\/a><\/em><\/h6>\n","protected":false},"featured_media":6107,"template":"","meta":{"_et_pb_use_builder":"","_et_pb_old_content":""},"class_list":["post-929","product","type-product","status-publish","has-post-thumbnail","hentry","product_cat-cumpleanos","product_cat-cumpleanos-log","product_cat-dia-del-trabajador-2","product_cat-dia-del-trabajador","product_cat-dias-especiales","product_cat-gourmet","product_cat-ofertas","product_cat-vidrio"],"_links":{"self":[{"href":"https:\/\/chileenunacaja.cl\/inicio\/wp-json\/wp\/v2\/product\/929","targetHints":{"allow":["GET"]}}],"collection":[{"href":"https:\/\/chileenunacaja.cl\/inicio\/wp-json\/wp\/v2\/product"}],"about":[{"href":"https:\/\/chileenunacaja.cl\/inicio\/wp-json\/wp\/v2\/types\/product"}],"wp:featuredmedia":[{"embeddable":true,"href":"https:\/\/chileenunacaja.cl\/inicio\/wp-json\/wp\/v2\/media\/6107"}],"wp:attachment":[{"href":"https:\/\/chileenunacaja.cl\/inicio\/wp-json\/wp\/v2\/media?parent=929"}],"curies":[{"name":"wp","href":"https:\/\/api.w.org\/{rel}","templated":true}]}}