{"id":960,"date":"2018-01-24T16:52:25","date_gmt":"2018-01-24T16:52:25","guid":{"rendered":"https:\/\/chileenunacaja.cl\/?post_type=product&#038;p=960"},"modified":"2018-11-28T21:11:19","modified_gmt":"2018-11-28T21:11:19","slug":"camino-de-mesa","status":"publish","type":"product","link":"https:\/\/chileenunacaja.cl\/inicio\/producto\/camino-de-mesa\/","title":{"rendered":"Camino de mesa *EXINED023"},"content":{"rendered":"<p>Hermoso camino de mesa fabricado con lana de oveja y manila, fibra t\u00edpica de la isla de Chilo\u00e9, fabricado por artesanos de la regi\u00f3n de los Lagos.<br \/>\nPresentaci\u00f3n en bolsa de algod\u00f3n<br \/>\nIncluye tarjeta de saludo y etiqueta con logo empresa bordado.<\/p>\n","protected":false},"excerpt":{"rendered":"<div class=\"nomprod\"><strong>COD *EXINED023<\/strong><\/div>\n<div class=\"descripcion\">\n<p>Hermoso camino de mesa fabricado con lana de oveja y manila, fibra t\u00edpica de la isla de Chilo\u00e9, fabricado por artesanos de la regi\u00f3n de los Lagos.<\/p>\n<h6><strong>Precios en base a 1 unidad.<\/strong> Descuentos por 10, 30, 50, 100 unidades. Precios no incluyen IVA.\u00a0<em><a href=\"https:\/\/chileenunacaja.cl\/tabla-de-descuentos\/\"><strong>Ver<\/strong> <strong>tabla de descuentos.\u00a0<\/strong><\/a><\/em><\/h6>\n<\/div>\n","protected":false},"featured_media":1444,"template":"","meta":{"_et_pb_use_builder":"","_et_pb_old_content":""},"class_list":["post-960","product","type-product","status-publish","has-post-thumbnail","hentry","product_cat-ineditos","product_cat-ineditos-log"],"_links":{"self":[{"href":"https:\/\/chileenunacaja.cl\/inicio\/wp-json\/wp\/v2\/product\/960","targetHints":{"allow":["GET"]}}],"collection":[{"href":"https:\/\/chileenunacaja.cl\/inicio\/wp-json\/wp\/v2\/product"}],"about":[{"href":"https:\/\/chileenunacaja.cl\/inicio\/wp-json\/wp\/v2\/types\/product"}],"wp:featuredmedia":[{"embeddable":true,"href":"https:\/\/chileenunacaja.cl\/inicio\/wp-json\/wp\/v2\/media\/1444"}],"wp:attachment":[{"href":"https:\/\/chileenunacaja.cl\/inicio\/wp-json\/wp\/v2\/media?parent=960"}],"curies":[{"name":"wp","href":"https:\/\/api.w.org\/{rel}","templated":true}]}}